{"id":869,"date":"2025-05-15T08:00:35","date_gmt":"2025-05-15T12:00:35","guid":{"rendered":"https:\/\/www.fnbfa.ca\/?page_id=869"},"modified":"2025-05-15T12:46:42","modified_gmt":"2025-05-15T16:46:42","slug":"rapports-de-la-presidence-2","status":"publish","type":"page","link":"https:\/\/www.fnbfa.ca\/fr\/rapports-de-la-presidence-2\/","title":{"rendered":"Rapports de la pr\u00e9sidence"},"content":{"rendered":"<h4><a href=\"https:\/\/www.fnbfa.ca\/wp-content\/uploads\/2025\/05\/Rapport-du-president_Pleniere-et-AGA-2025_definitif.pdf\">Rapport du pr\u00e9sident de la FAPPUNB &#8211; 1er mai 2024 au 30 avril 2025<\/a><\/h4>\n<h4><a href=\"https:\/\/www.fnbfa.ca\/wp-content\/uploads\/2024\/05\/Rapport-du-president_FAPPUNB_Pleniere-et-AGA-2024_definitif.pdf\">Rapport du pr\u00e9sident de la FAPPUNB &#8211; 1er mai 2023 au 30 avril 2024<\/a><\/h4>\n<h4><a href=\"https:\/\/www.fnbfa.ca\/wp-content\/uploads\/2023\/05\/Rapport-du-president_Pleniere-et-AGA-2023_final.pdf\">Rapport du pr\u00e9sident de la FAPPUNB &#8211; 1er mai 2022 au 30 avril 2023<\/a><\/h4>\n<h4><a href=\"https:\/\/www.fnbfa.ca\/wp-content\/uploads\/2022\/05\/Point-3_Rapport-du-president_Pleniere-et-AGA-2022_definitif.pdf\">Rapport du pr\u00e9sident de la FAPPUNB &#8211; 1er mai 2021 au 30 avril 2022<\/a><\/h4>\n<h4>Rapport du pr\u00e9sident de la FAPPUNB &#8211; 1er mai 2020 au 30 avril 2021<\/h4>\n<h4><a href=\"https:\/\/www.fnbfa.ca\/wp-content\/uploads\/2020\/06\/No-3_FR_FAPPUNB-Rapport-pre%CC%81sident-2019-2020-printemps-2020_final-OK.pdf\">Rapport annuel du pr\u00e9sident int\u00e9rimaire de la FAPPUNB &#8211; 1er mai 2019 au 30 avril 2020<\/a><\/h4>\n<h4><a href=\"https:\/\/www.fnbfa.ca\/wp-content\/uploads\/2019\/06\/Rapport-2019-de-la-pre%CC%81sidente-de-la-FAPPUNB_Final.pdf\">Rapport de la pr\u00e9sidente de la FAPPUNB &#8211; 1er mai 2018 au 30 avril 2019<\/a><\/h4>\n<p>&nbsp;<\/p>\n","protected":false},"excerpt":{"rendered":"Rapport du pr\u00e9sident de la FAPPUNB &#8211; 1er mai 2024 au 30 avril 2025 Rapport du pr\u00e9sident de la FAPPUNB &#8211; 1er mai 2023 au 30 avril 2024 Rapport du pr\u00e9sident de la FAPPUNB &#8211; 1er mai 2022 au 30 avril 2023 Rapport du pr\u00e9sident de la FAPPUNB &#8211; 1er mai 2021 au 30 avril&#8230; <\/p>","protected":false},"author":4,"featured_media":0,"parent":0,"menu_order":0,"comment_status":"closed","ping_status":"closed","template":"","meta":{"footnotes":""},"class_list":["post-869","page","type-page","status-publish","hentry"],"_links":{"self":[{"href":"https:\/\/www.fnbfa.ca\/fr\/wp-json\/wp\/v2\/pages\/869\/"}],"collection":[{"href":"https:\/\/www.fnbfa.ca\/fr\/wp-json\/wp\/v2\/pages\/"}],"about":[{"href":"https:\/\/www.fnbfa.ca\/fr\/wp-json\/wp\/v2\/types\/page\/"}],"author":[{"embeddable":true,"href":"https:\/\/www.fnbfa.ca\/fr\/wp-json\/wp\/v2\/users\/4\/"}],"replies":[{"embeddable":true,"href":"https:\/\/www.fnbfa.ca\/fr\/wp-json\/wp\/v2\/comments\/?post=869"}],"version-history":[{"count":0,"href":"https:\/\/www.fnbfa.ca\/fr\/wp-json\/wp\/v2\/pages\/869\/revisions\/"}],"wp:attachment":[{"href":"https:\/\/www.fnbfa.ca\/fr\/wp-json\/wp\/v2\/media\/?parent=869"}],"curies":[{"name":"wp","href":"https:\/\/api.w.org\/{rel}","templated":true}]}}