{"id":345,"date":"2018-04-20T14:00:09","date_gmt":"2018-04-20T18:00:09","guid":{"rendered":"https:\/\/fnbfa.wpengine.com\/?page_id=345"},"modified":"2018-08-01T10:22:44","modified_gmt":"2018-08-01T14:22:44","slug":"presentations-et-memoires-fappunb","status":"publish","type":"page","link":"https:\/\/www.fnbfa.ca\/fr\/presentations-et-memoires-fappunb\/","title":{"rendered":"Pr\u00e9sentations et m\u00e9moires FAPPUNB"},"content":{"rendered":"<ul>\n<li><a href=\"https:\/\/fnbfa.wpengine.com\/wp-content\/uploads\/2018\/04\/Revision_strategique_des_programmes-FAPPUNB-Fev_2015.docx_FR.pdf\">R\u00e9vision strat\u00e9gique des programmes Fev 2015<\/a><\/li>\n<li><a href=\"https:\/\/fnbfa.wpengine.com\/wp-content\/uploads\/2018\/04\/Opinion-sur-la-mise-en-U0153uvre-des-indicateurs-de-rendement-dans-le-domaine-de-lU00e9ducation-postsecondaire-au-Nouveau-Brunswick.pdf\">Opinion sur la mise en oeuvre des indicateurs de rendement dans le domaine de l&rsquo;\u00e9ducation postsecondaire au Nouveau-Brunswick<\/a><\/li>\n<li><a href=\"https:\/\/fnbfa.wpengine.com\/wp-content\/uploads\/2018\/04\/Me\u0301moire-a\u0300-la-commission-PSE-.pdf\">Me\u0301moire a\u0300 la Commission sur l&rsquo;\u00c9ducation postsecondaire<\/a><\/li>\n<li><a href=\"https:\/\/fnbfa.wpengine.com\/wp-content\/uploads\/2018\/04\/Commissions_de_conciliation-1.pdf\">Commissions de conciliation<\/a><\/li>\n<\/ul>\n","protected":false},"excerpt":{"rendered":"R\u00e9vision strat\u00e9gique des programmes Fev 2015 Opinion sur la mise en oeuvre des indicateurs de rendement dans le domaine de l&rsquo;\u00e9ducation postsecondaire au Nouveau-Brunswick Me\u0301moire a\u0300 la Commission sur l&rsquo;\u00c9ducation postsecondaire Commissions de conciliation","protected":false},"author":3,"featured_media":0,"parent":0,"menu_order":0,"comment_status":"closed","ping_status":"closed","template":"","meta":{"footnotes":""},"class_list":["post-345","page","type-page","status-publish","hentry"],"_links":{"self":[{"href":"https:\/\/www.fnbfa.ca\/fr\/wp-json\/wp\/v2\/pages\/345\/"}],"collection":[{"href":"https:\/\/www.fnbfa.ca\/fr\/wp-json\/wp\/v2\/pages\/"}],"about":[{"href":"https:\/\/www.fnbfa.ca\/fr\/wp-json\/wp\/v2\/types\/page\/"}],"author":[{"embeddable":true,"href":"https:\/\/www.fnbfa.ca\/fr\/wp-json\/wp\/v2\/users\/3\/"}],"replies":[{"embeddable":true,"href":"https:\/\/www.fnbfa.ca\/fr\/wp-json\/wp\/v2\/comments\/?post=345"}],"version-history":[{"count":0,"href":"https:\/\/www.fnbfa.ca\/fr\/wp-json\/wp\/v2\/pages\/345\/revisions\/"}],"wp:attachment":[{"href":"https:\/\/www.fnbfa.ca\/fr\/wp-json\/wp\/v2\/media\/?parent=345"}],"curies":[{"name":"wp","href":"https:\/\/api.w.org\/{rel}","templated":true}]}}