{"id":186,"date":"2025-05-15T08:00:01","date_gmt":"2025-05-15T12:00:01","guid":{"rendered":"https:\/\/fnbfa.wpengine.com\/?page_id=186"},"modified":"2025-05-15T12:59:16","modified_gmt":"2025-05-15T16:59:16","slug":"committees","status":"publish","type":"page","link":"https:\/\/www.fnbfa.ca\/fr\/committees\/","title":{"rendered":"Membres des comit\u00e9s"},"content":{"rendered":"<h2><a href=\"https:\/\/www.fnbfa.ca\/wp-content\/uploads\/2022\/09\/Lignes-directrices-pour-le-Prix-Nicole-Raymond-Award_definitives_fevrier-2022.pdf\">Prix Nicole-Raymond &#8211; Comit\u00e9 de s\u00e9lection<\/a><\/h2>\n<p>Carol Pomare (MAFA)<br \/>\nAmanda DiPaolo (FAUST)<br \/>\nJean Sauvageau (FAUST), pr\u00e9sident<\/p>\n<h2><a href=\"https:\/\/www.fnbfa.ca\/wp-content\/uploads\/2020\/08\/Mandat-aide-juridique-re%CC%81visions-adopte%CC%81s-AGA-7-mai-2019-.pdf\">Fonds d&rsquo;aide juridique<\/a><\/h2>\n<p>Annie H\u00e9l\u00e8ne Boudreau (APPUMCS), pr\u00e9sidente<br \/>\nVlad Tasi\u0107 (AUNBT)<br \/>\n<em>Poste vacant<\/em><br \/>\nMary Lou Babineau-Rosada (FAUST), suppl\u00e9ante<br \/>\nLise Robichaud, directrice g\u00e9n\u00e9rale de la FAPPUNB, d&rsquo;office sans droit de vote<\/p>\n<h2><a href=\"https:\/\/www.fnbfa.ca\/wp-content\/uploads\/2022\/09\/Description_Comite-des-nominations_site-Web_23-sept-2022.pdf\">Comit\u00e9 des candidatures<\/a><\/h2>\n<p>Lacina Coulibaly (APPUMCE)<br \/>\nBasile Roussel (APPUMCS)<br \/>\nLaurie Ricker (MAFA)<\/p>\n<h2><a href=\"https:\/\/www.fnbfa.ca\/wp-content\/uploads\/2022\/05\/Item-10_Point-10_-HR-Committee_Comite-des-RH.pdf\">Comit\u00e9 des ressources humaines<\/a><\/h2>\n<p>Jean Sauvageau (FAUST), pr\u00e9sident, membre d&rsquo;office<br \/>\n<em>Poste vacant<\/em>, tr\u00e9sorier, membre d&rsquo;office<br \/>\nCarol Pomare (MAFA), membre du conseil d&rsquo;administration nomm\u00e9 par le conseil d&rsquo;administration<br \/>\n<em>Poste vacant<\/em>, suppl\u00e9ant nomm\u00e9 par le conseil d&rsquo;administration<\/p>\n","protected":false},"excerpt":{"rendered":"Prix Nicole-Raymond &#8211; Comit\u00e9 de s\u00e9lection Carol Pomare (MAFA) Amanda DiPaolo (FAUST) Jean Sauvageau (FAUST), pr\u00e9sident Fonds d&rsquo;aide juridique Annie H\u00e9l\u00e8ne Boudreau (APPUMCS), pr\u00e9sidente Vlad Tasi\u0107 (AUNBT) Poste vacant Mary Lou Babineau-Rosada (FAUST), suppl\u00e9ante Lise Robichaud, directrice g\u00e9n\u00e9rale de la FAPPUNB, d&rsquo;office sans droit de vote Comit\u00e9 des candidatures Lacina Coulibaly (APPUMCE) Basile Roussel (APPUMCS)&#8230; <\/p>","protected":false},"author":3,"featured_media":0,"parent":0,"menu_order":0,"comment_status":"closed","ping_status":"closed","template":"","meta":{"footnotes":""},"class_list":["post-186","page","type-page","status-publish","hentry"],"_links":{"self":[{"href":"https:\/\/www.fnbfa.ca\/fr\/wp-json\/wp\/v2\/pages\/186\/"}],"collection":[{"href":"https:\/\/www.fnbfa.ca\/fr\/wp-json\/wp\/v2\/pages\/"}],"about":[{"href":"https:\/\/www.fnbfa.ca\/fr\/wp-json\/wp\/v2\/types\/page\/"}],"author":[{"embeddable":true,"href":"https:\/\/www.fnbfa.ca\/fr\/wp-json\/wp\/v2\/users\/3\/"}],"replies":[{"embeddable":true,"href":"https:\/\/www.fnbfa.ca\/fr\/wp-json\/wp\/v2\/comments\/?post=186"}],"version-history":[{"count":0,"href":"https:\/\/www.fnbfa.ca\/fr\/wp-json\/wp\/v2\/pages\/186\/revisions\/"}],"wp:attachment":[{"href":"https:\/\/www.fnbfa.ca\/fr\/wp-json\/wp\/v2\/media\/?parent=186"}],"curies":[{"name":"wp","href":"https:\/\/api.w.org\/{rel}","templated":true}]}}