{"id":1676,"date":"2024-08-01T13:45:11","date_gmt":"2024-08-01T17:45:11","guid":{"rendered":"https:\/\/www.fnbfa.ca\/?page_id=1676"},"modified":"2024-10-23T13:01:44","modified_gmt":"2024-10-23T17:01:44","slug":"elections-provinciales-2024","status":"publish","type":"page","link":"https:\/\/www.fnbfa.ca\/fr\/elections-provinciales-2024\/","title":{"rendered":"\u00c9lections provinciales 2024"},"content":{"rendered":"<h2>F\u00e9licitations \u00e0 Susan Holt et \u00e0 son \u00e9quipe!<\/h2>\n<p><a href=\"https:\/\/www.fnbfa.ca\/wp-content\/uploads\/2024\/10\/Lettre-bilingue-de-felicitations-a-SHolt_23-oct-2024_definitive.pdf\">Lettre de f\u00e9licitations de la FAPPUNB &#8211; le 23 octobre 2024<\/a><\/p>\n<h2>F\u00e9licitations \u00e0 David Coon et Megan Mitton du Parti vert du NB!<\/h2>\n<p><a href=\"https:\/\/www.fnbfa.ca\/wp-content\/uploads\/2024\/10\/Lettre-bilingue_felicitations-DCoon-et-MMitton_23-oct-2024_definitive.pdf\">Lettre de f\u00e9licitations de la FAPPUNB &#8211; le 23 octobre 2024<\/a><\/p>\n<h2>Agisser<\/h2>\n<p class=\"rtecenter\">Joignez-vous \u00e0 la FAPPUNB lors de cette \u00e9lection provinciale et exigez des universit\u00e9s publiques fortes &#8211; un investissement dans l&rsquo;avenir du Nouveau-Brunswick.<\/p>\n<p class=\"rtecenter\"><a href=\"https:\/\/www.fnbfa.ca\/fr\/election-provinciale-faites-vous-entendre\/\">Envoyez une lettre<\/a> aux partis en lice aux \u00e9lections de 2024 au Nouveau-Brunswick.<\/p>\n<h2>Blogue du pr\u00e9sident de la FAPPUNB<\/h2>\n<p><a href=\"https:\/\/www.fnbfa.ca\/fr\/2024\/09\/24\/blogue-du-president-de-la-fappunb-1\/\">Des universit\u00e9s publiques fortes pour un Nouveau-Brunswick fort et en meilleure sant\u00e9<\/a> &#8211; 24 septembre 2024<\/p>\n<p><a href=\"https:\/\/www.fnbfa.ca\/fr\/2024\/10\/02\/blogue-du-president-de-la-fappunb-2\/\">Universit\u00e9s publiques = biens publics<\/a> &#8211; 1er octobre 2024<\/p>\n<p><a href=\"https:\/\/www.fnbfa.ca\/fr\/2024\/10\/02\/blogue-du-president-de-la-fappunb\/\">Le r\u00f4le des universit\u00e9s publiques du Nouveau-Brunswick pour un avenir meilleur<\/a> &#8211; 8 octobre 2024<\/p>\n<p><a href=\"https:\/\/www.fnbfa.ca\/fr\/2024\/10\/02\/blogue-du-president-de-la-fappunb-3\/\">Une question d&rsquo;\u00e9quit\u00e9<\/a> &#8211; 15 octobre 2024<\/p>\n<h2>Ressources<\/h2>\n<p><img loading=\"lazy\" decoding=\"async\" class=\"alignnone wp-image-1710\" src=\"https:\/\/www.fnbfa.ca\/wp-content\/uploads\/2024\/09\/Stronger-NB-FR.png\" alt=\"\" width=\"400\" height=\"400\" srcset=\"https:\/\/www.fnbfa.ca\/wp-content\/uploads\/2024\/09\/Stronger-NB-FR.png 1080w, https:\/\/www.fnbfa.ca\/wp-content\/uploads\/2024\/09\/Stronger-NB-FR-1024x1024.png 1024w, https:\/\/www.fnbfa.ca\/wp-content\/uploads\/2024\/09\/Stronger-NB-FR-150x150.png 150w, https:\/\/www.fnbfa.ca\/wp-content\/uploads\/2024\/09\/Stronger-NB-FR-768x768.png 768w\" sizes=\"auto, (max-width: 400px) 100vw, 400px\" \/>\u00a0 \u00a0 <img loading=\"lazy\" decoding=\"async\" class=\"alignnone wp-image-1712\" src=\"https:\/\/www.fnbfa.ca\/wp-content\/uploads\/2024\/09\/Tuition-NB-FR.png\" alt=\"\" width=\"400\" height=\"400\" srcset=\"https:\/\/www.fnbfa.ca\/wp-content\/uploads\/2024\/09\/Tuition-NB-FR.png 1080w, https:\/\/www.fnbfa.ca\/wp-content\/uploads\/2024\/09\/Tuition-NB-FR-1024x1024.png 1024w, https:\/\/www.fnbfa.ca\/wp-content\/uploads\/2024\/09\/Tuition-NB-FR-150x150.png 150w, https:\/\/www.fnbfa.ca\/wp-content\/uploads\/2024\/09\/Tuition-NB-FR-768x768.png 768w\" sizes=\"auto, (max-width: 400px) 100vw, 400px\" \/><\/p>\n","protected":false},"excerpt":{"rendered":"F\u00e9licitations \u00e0 Susan Holt et \u00e0 son \u00e9quipe! Lettre de f\u00e9licitations de la FAPPUNB &#8211; le 23 octobre 2024 F\u00e9licitations \u00e0 David Coon et Megan Mitton du Parti vert du NB! Lettre de f\u00e9licitations de la FAPPUNB &#8211; le 23 octobre 2024 Agisser Joignez-vous \u00e0 la FAPPUNB lors de cette \u00e9lection provinciale et exigez des&#8230; <\/p>","protected":false},"author":6,"featured_media":0,"parent":0,"menu_order":0,"comment_status":"closed","ping_status":"closed","template":"","meta":{"footnotes":""},"class_list":["post-1676","page","type-page","status-publish","hentry"],"_links":{"self":[{"href":"https:\/\/www.fnbfa.ca\/fr\/wp-json\/wp\/v2\/pages\/1676\/"}],"collection":[{"href":"https:\/\/www.fnbfa.ca\/fr\/wp-json\/wp\/v2\/pages\/"}],"about":[{"href":"https:\/\/www.fnbfa.ca\/fr\/wp-json\/wp\/v2\/types\/page\/"}],"author":[{"embeddable":true,"href":"https:\/\/www.fnbfa.ca\/fr\/wp-json\/wp\/v2\/users\/6\/"}],"replies":[{"embeddable":true,"href":"https:\/\/www.fnbfa.ca\/fr\/wp-json\/wp\/v2\/comments\/?post=1676"}],"version-history":[{"count":0,"href":"https:\/\/www.fnbfa.ca\/fr\/wp-json\/wp\/v2\/pages\/1676\/revisions\/"}],"wp:attachment":[{"href":"https:\/\/www.fnbfa.ca\/fr\/wp-json\/wp\/v2\/media\/?parent=1676"}],"curies":[{"name":"wp","href":"https:\/\/api.w.org\/{rel}","templated":true}]}}