{"id":165,"date":"2022-09-23T09:00:27","date_gmt":"2022-09-23T13:00:27","guid":{"rendered":"https:\/\/fnbfa.wpengine.com\/?page_id=165"},"modified":"2022-09-23T10:51:49","modified_gmt":"2022-09-23T14:51:49","slug":"historique","status":"publish","type":"page","link":"https:\/\/www.fnbfa.ca\/fr\/historique\/","title":{"rendered":"Historique"},"content":{"rendered":"<p>La F\u00e9d\u00e9ration a \u00e9t\u00e9 fond\u00e9e le 26 septembre 1970 par un groupe informel de membres du corps professoral de l\u2019Universit\u00e9 de Moncton, la Mount Allison University, la University of New Brunswick, le Centre universitaire St. Louis-Maillet (devenue l\u2019UMCE) et la St. Thomas University. Ces membres tenaient des rencontres de fa\u00e7on intermittente pour discuter de questions d\u2019int\u00e9r\u00eat commun. En mars 1981, les lettres patentes pour l\u2019incorporation de la \u00ab\u00a0F\u00e9d\u00e9ration des associations de professeurs d\u2019universit\u00e9 du Nouveau-Brunswick Inc. \u2013 Federation of New Brunswick Faculty Associations Inc.\u00a0\u00bb en tant que corporation provinciale furent \u00e9mises. On a ouvert aussit\u00f4t un bureau et embauch\u00e9 un agent professionnel. C\u2019est en 1984 que l\u2019APPUMCS (l\u2019APCUS \u00e0 l\u2019\u00e9poque), c\u2019est-\u00e0-dire l\u2019Association des professeures et professeurs de l\u2019Universit\u00e9 de Moncton, campus de Shippagan, s\u2019est jointe \u00e0 la F\u00e9d\u00e9ration. Ces jours-ci, la F\u00e9d\u00e9ration repr\u00e9sente les universitaires permanents et contractuels des quatre (4) universit\u00e9s publiques du Nouveau-Brunswick.<\/p>\n<p>&nbsp;<\/p>\n<h4 style=\"text-align: center;\"><a href=\"https:\/\/www.fnbfa.ca\/wp-content\/uploads\/2022\/09\/Presentation-PowerPoint-sur-la-FAPPUNB-Aout-2022.pptx\">PowerPoint<\/a><\/h4>\n<p><strong><a href=\"https:\/\/www.fnbfa.ca\/wp-content\/uploads\/2021\/06\/Hommage-au-professeur-Arsene-Richard-UMCM.pdf\">Hommage au professeur <\/a><\/strong><strong><a href=\"https:\/\/www.fnbfa.ca\/wp-content\/uploads\/2021\/06\/Hommage-au-professeur-Arsene-Richard-UMCM.pdf\">Ars\u00e8ne Richard<\/a><\/strong><\/p>\n<p><a href=\"https:\/\/www.fnbfa.ca\/wp-content\/uploads\/2021\/06\/Hommage-au-professeur-Edgar-Le%CC%81ger_UMCM.pdf\"><strong>Hommage au professeur Edgar L\u00e9ger<\/strong><\/a><\/p>\n","protected":false},"excerpt":{"rendered":"La F\u00e9d\u00e9ration a \u00e9t\u00e9 fond\u00e9e le 26 septembre 1970 par un groupe informel de membres du corps professoral de l\u2019Universit\u00e9 de Moncton, la Mount Allison University, la University of New Brunswick, le Centre universitaire St. Louis-Maillet (devenue l\u2019UMCE) et la St. Thomas University. Ces membres tenaient des rencontres de fa\u00e7on intermittente pour discuter de questions&#8230; <\/p>","protected":false},"author":3,"featured_media":0,"parent":0,"menu_order":0,"comment_status":"closed","ping_status":"closed","template":"","meta":{"footnotes":""},"class_list":["post-165","page","type-page","status-publish","hentry"],"_links":{"self":[{"href":"https:\/\/www.fnbfa.ca\/fr\/wp-json\/wp\/v2\/pages\/165\/"}],"collection":[{"href":"https:\/\/www.fnbfa.ca\/fr\/wp-json\/wp\/v2\/pages\/"}],"about":[{"href":"https:\/\/www.fnbfa.ca\/fr\/wp-json\/wp\/v2\/types\/page\/"}],"author":[{"embeddable":true,"href":"https:\/\/www.fnbfa.ca\/fr\/wp-json\/wp\/v2\/users\/3\/"}],"replies":[{"embeddable":true,"href":"https:\/\/www.fnbfa.ca\/fr\/wp-json\/wp\/v2\/comments\/?post=165"}],"version-history":[{"count":0,"href":"https:\/\/www.fnbfa.ca\/fr\/wp-json\/wp\/v2\/pages\/165\/revisions\/"}],"wp:attachment":[{"href":"https:\/\/www.fnbfa.ca\/fr\/wp-json\/wp\/v2\/media\/?parent=165"}],"curies":[{"name":"wp","href":"https:\/\/api.w.org\/{rel}","templated":true}]}}