{"id":1604,"date":"2023-10-16T10:42:53","date_gmt":"2023-10-16T14:42:53","guid":{"rendered":"https:\/\/www.fnbfa.ca\/?page_id=1604"},"modified":"2023-10-16T10:45:30","modified_gmt":"2023-10-16T14:45:30","slug":"semaine-de-lequite-demploi-2023","status":"publish","type":"page","link":"https:\/\/www.fnbfa.ca\/fr\/semaine-de-lequite-demploi-2023\/","title":{"rendered":"Semaine de l&rsquo;\u00e9quit\u00e9 d&#8217;emploi 2023"},"content":{"rendered":"<p>Cette ann\u00e9e, la semaine de l&rsquo;\u00e9quit\u00e9 de l&#8217;emploi de l&rsquo;ACPPU a lieu du 16 au 20 octobre.<\/p>\n<p><a href=\"https:\/\/www.fnbfa.ca\/wp-content\/uploads\/2023\/10\/Lettre-bilingue_SEE-2023_ministre_EPS_ADunn_definitive.pdf\">Lettre de la FAPPUNB \u00e0 la ministre de l&rsquo;\u00c9ducation postsecondaire de la formation et de l&#8217;emploi, Arlene Dunn, le 11 octobre 2023<\/a><\/p>\n<p><a href=\"https:\/\/www.fnbfa.ca\/wp-content\/uploads\/2023\/10\/Reponse-bilingue_SEE-2023_ministre_EPS_ADunn-Oct-12-2023.pdf\">R\u00e9ponse le 12 octobre 2023 de la ministre de l&rsquo;\u00c9ducation postsecondaire de la formation et de l&#8217;emploi, Arlene Dunn<\/a><\/p>\n<p>Publication du commentaire de la FAPPUNB:<\/p>\n<ul>\n<li><a href=\"https:\/\/www.fnbfa.ca\/wp-content\/uploads\/2023\/10\/L_equite-d_emploi-dans-le-milieu-universitaire_AN_le-13-oct-2023.pdf\"><em>Acadie Nouvelle<\/em>, le 13 octobre 2023<\/a><\/li>\n<li><a href=\"https:\/\/www.fnbfa.ca\/wp-content\/uploads\/2023\/10\/Le-personnel-enseignant-precaire-souffre-du-sous-financement-chronique-des-universites_Coop-Media-NB_le-13-oct-2023.pdf\"><em>Coop M\u00e9dia NB<\/em>, le 13 octobre 2023<\/a><\/li>\n<\/ul>\n","protected":false},"excerpt":{"rendered":"Cette ann\u00e9e, la semaine de l&rsquo;\u00e9quit\u00e9 de l&#8217;emploi de l&rsquo;ACPPU a lieu du 16 au 20 octobre. Lettre de la FAPPUNB \u00e0 la ministre de l&rsquo;\u00c9ducation postsecondaire de la formation et de l&#8217;emploi, Arlene Dunn, le 11 octobre 2023 R\u00e9ponse le 12 octobre 2023 de la ministre de l&rsquo;\u00c9ducation postsecondaire de la formation et de&#8230; <\/p>","protected":false},"author":6,"featured_media":0,"parent":0,"menu_order":0,"comment_status":"closed","ping_status":"closed","template":"","meta":{"footnotes":""},"class_list":["post-1604","page","type-page","status-publish","hentry"],"_links":{"self":[{"href":"https:\/\/www.fnbfa.ca\/fr\/wp-json\/wp\/v2\/pages\/1604\/"}],"collection":[{"href":"https:\/\/www.fnbfa.ca\/fr\/wp-json\/wp\/v2\/pages\/"}],"about":[{"href":"https:\/\/www.fnbfa.ca\/fr\/wp-json\/wp\/v2\/types\/page\/"}],"author":[{"embeddable":true,"href":"https:\/\/www.fnbfa.ca\/fr\/wp-json\/wp\/v2\/users\/6\/"}],"replies":[{"embeddable":true,"href":"https:\/\/www.fnbfa.ca\/fr\/wp-json\/wp\/v2\/comments\/?post=1604"}],"version-history":[{"count":0,"href":"https:\/\/www.fnbfa.ca\/fr\/wp-json\/wp\/v2\/pages\/1604\/revisions\/"}],"wp:attachment":[{"href":"https:\/\/www.fnbfa.ca\/fr\/wp-json\/wp\/v2\/media\/?parent=1604"}],"curies":[{"name":"wp","href":"https:\/\/api.w.org\/{rel}","templated":true}]}}