{"id":1150,"date":"2021-03-03T16:54:16","date_gmt":"2021-03-03T21:54:16","guid":{"rendered":"https:\/\/www.fnbfa.ca\/?page_id=1150"},"modified":"2021-03-03T16:54:16","modified_gmt":"2021-03-03T21:54:16","slug":"correspondance-budget-provincial-du-nouveau-brunswick-2021-2022","status":"publish","type":"page","link":"https:\/\/www.fnbfa.ca\/fr\/correspondance-budget-provincial-du-nouveau-brunswick-2021-2022\/","title":{"rendered":"Correspondance &#8211; Budget provincial du Nouveau-Brunswick 2021-2022"},"content":{"rendered":"<h4><a href=\"https:\/\/www.fnbfa.ca\/wp-content\/uploads\/2021\/02\/Pre-budget-consultations-pre%CC%81-budge%CC%81taires_2021-2022_FNBFA_FAPPUNB.pdf\">Lettre du 8 f\u00e9vrier 2021 du pr\u00e9sident de la FAPPUNB, Hector Guy Ad\u00e9gbidi, au ministre des Finances, Ernie Steeves<\/a><\/h4>\n<h4><a href=\"https:\/\/www.fnbfa.ca\/wp-content\/uploads\/2021\/03\/FNBFA.pdf\">R\u00e9ponse du 1er mars 2021 du ministre de l&rsquo;\u00c9ducation postsecondaire, de la formation et du travail, Trevor A. Holder<\/a> (uniquement en anglais)<\/h4>\n","protected":false},"excerpt":{"rendered":"Lettre du 8 f\u00e9vrier 2021 du pr\u00e9sident de la FAPPUNB, Hector Guy Ad\u00e9gbidi, au ministre des Finances, Ernie Steeves R\u00e9ponse du 1er mars 2021 du ministre de l&rsquo;\u00c9ducation postsecondaire, de la formation et du travail, Trevor A. Holder (uniquement en anglais)","protected":false},"author":6,"featured_media":0,"parent":0,"menu_order":0,"comment_status":"closed","ping_status":"closed","template":"","meta":{"footnotes":""},"class_list":["post-1150","page","type-page","status-publish","hentry"],"_links":{"self":[{"href":"https:\/\/www.fnbfa.ca\/fr\/wp-json\/wp\/v2\/pages\/1150\/"}],"collection":[{"href":"https:\/\/www.fnbfa.ca\/fr\/wp-json\/wp\/v2\/pages\/"}],"about":[{"href":"https:\/\/www.fnbfa.ca\/fr\/wp-json\/wp\/v2\/types\/page\/"}],"author":[{"embeddable":true,"href":"https:\/\/www.fnbfa.ca\/fr\/wp-json\/wp\/v2\/users\/6\/"}],"replies":[{"embeddable":true,"href":"https:\/\/www.fnbfa.ca\/fr\/wp-json\/wp\/v2\/comments\/?post=1150"}],"version-history":[{"count":0,"href":"https:\/\/www.fnbfa.ca\/fr\/wp-json\/wp\/v2\/pages\/1150\/revisions\/"}],"wp:attachment":[{"href":"https:\/\/www.fnbfa.ca\/fr\/wp-json\/wp\/v2\/media\/?parent=1150"}],"curies":[{"name":"wp","href":"https:\/\/api.w.org\/{rel}","templated":true}]}}