{"id":1114,"date":"2020-10-20T10:37:53","date_gmt":"2020-10-20T14:37:53","guid":{"rendered":"https:\/\/www.fnbfa.ca\/?page_id=1114"},"modified":"2021-11-03T08:23:19","modified_gmt":"2021-11-03T12:23:19","slug":"semaine-de-lequite-demploi-octobre-2020","status":"publish","type":"page","link":"https:\/\/www.fnbfa.ca\/fr\/semaine-de-lequite-demploi-octobre-2020\/","title":{"rendered":"Semaine de l&rsquo;\u00e9quit\u00e9 d&#8217;emploi &#8211; Octobre 2021"},"content":{"rendered":"<p><strong>La Semaine de l\u2019\u00e9quit\u00e9 d&#8217;emploi est la campagne annuelle de l\u2019ACPPU visant \u00e0 sensibiliser le public \u00e0 l\u2019emploi pr\u00e9caire sur les campus et \u00e0 soutenir l\u2019organisation locale pour am\u00e9liorer les conditions de travail du personnel acad\u00e9mique contractuel.<\/strong><\/p>\n<p><strong>Cette ann\u00e9e, la semaine a eu lieu du 18 au 22 octobre.<\/strong><\/p>\n<p>Le 22 octobre 2021, <a href=\"https:\/\/www.fnbfa.ca\/wp-content\/uploads\/2021\/10\/bilingual-letter_PETL-Min_FEW_Oct-2021.pdf\">Lettre du pr\u00e9sident de la FAPPUNB, Hector Guy Ad\u00e9gbidi \u00e0 T. Holder, ministre de l&rsquo;\u00c9ducation postsecondaire, de la formation et de l&#8217;emploi (EPFT)<\/a><\/p>\n<p>Le 23 octobre 2021, <a href=\"https:\/\/www.fnbfa.ca\/wp-content\/uploads\/2021\/10\/Lettre-opinion_oct-2021_finale.pdf\">Commentaire<\/a> publi\u00e9 dans <em>Acadie Nouvelle<\/em><\/p>\n<p><strong>En 2020, la semaine a eu lieu du 19 au 23 octobre.<\/strong><\/p>\n<p>Le 15 octobre 2020 &#8211; <a href=\"https:\/\/www.fnbfa.ca\/wp-content\/uploads\/2020\/10\/Lettre-bilingue_SE%CC%81E-2020_ministre_E%CC%81PS_THolder_oct-2020.pdf\">Lettre du pr\u00e9sident de la FAPPUNB, Hector Guy Ad\u00e9gbidi, \u00e0 T. Holder, ministre de l&rsquo;\u00c9ducation postsecondaire, de la formation et de l&#8217;emploi (EPFT)<\/a><\/p>\n<p>Le 19 octobre 2020 &#8211; <a href=\"https:\/\/www.fnbfa.ca\/wp-content\/uploads\/2020\/10\/communique%CC%81-de-presse_final_SE%CC%81E-oct-2020-.pdf\">Communiqu\u00e9 de presse<\/a><\/p>\n<p>&nbsp;<\/p>\n","protected":false},"excerpt":{"rendered":"La Semaine de l\u2019\u00e9quit\u00e9 d&#8217;emploi est la campagne annuelle de l\u2019ACPPU visant \u00e0 sensibiliser le public \u00e0 l\u2019emploi pr\u00e9caire sur les campus et \u00e0 soutenir l\u2019organisation locale pour am\u00e9liorer les conditions de travail du personnel acad\u00e9mique contractuel. Cette ann\u00e9e, la semaine a eu lieu du 18 au 22 octobre. Le 22 octobre 2021, Lettre du&#8230; <\/p>","protected":false},"author":6,"featured_media":0,"parent":0,"menu_order":0,"comment_status":"closed","ping_status":"closed","template":"","meta":{"footnotes":""},"class_list":["post-1114","page","type-page","status-publish","hentry"],"_links":{"self":[{"href":"https:\/\/www.fnbfa.ca\/fr\/wp-json\/wp\/v2\/pages\/1114\/"}],"collection":[{"href":"https:\/\/www.fnbfa.ca\/fr\/wp-json\/wp\/v2\/pages\/"}],"about":[{"href":"https:\/\/www.fnbfa.ca\/fr\/wp-json\/wp\/v2\/types\/page\/"}],"author":[{"embeddable":true,"href":"https:\/\/www.fnbfa.ca\/fr\/wp-json\/wp\/v2\/users\/6\/"}],"replies":[{"embeddable":true,"href":"https:\/\/www.fnbfa.ca\/fr\/wp-json\/wp\/v2\/comments\/?post=1114"}],"version-history":[{"count":0,"href":"https:\/\/www.fnbfa.ca\/fr\/wp-json\/wp\/v2\/pages\/1114\/revisions\/"}],"wp:attachment":[{"href":"https:\/\/www.fnbfa.ca\/fr\/wp-json\/wp\/v2\/media\/?parent=1114"}],"curies":[{"name":"wp","href":"https:\/\/api.w.org\/{rel}","templated":true}]}}